{"id":85,"date":"2019-12-16T18:11:04","date_gmt":"2019-12-16T18:11:04","guid":{"rendered":"http:\/\/firestorm-con.de\/?page_id=85"},"modified":"2021-07-09T11:06:27","modified_gmt":"2021-07-09T11:06:27","slug":"firestorm","status":"publish","type":"page","link":"https:\/\/firestorm-con.de\/","title":{"rendered":"Was Euch auf dem Firestorm erwartet"},"content":{"rendered":"\n<div class=\"wp-block-media-text alignfull is-stacked-on-mobile\" style=\"grid-template-columns:49% auto\"><figure class=\"wp-block-media-text__media\"><img fetchpriority=\"high\" decoding=\"async\" width=\"1024\" height=\"515\" src=\"http:\/\/firestorm-con.de\/wp-content\/uploads\/2019\/12\/logo_f2ree-1024x515.png\" alt=\"\" class=\"wp-image-161 size-full\" srcset=\"https:\/\/firestorm-con.de\/wp-content\/uploads\/2019\/12\/logo_f2ree-1024x515.png 1024w, https:\/\/firestorm-con.de\/wp-content\/uploads\/2019\/12\/logo_f2ree-300x151.png 300w, https:\/\/firestorm-con.de\/wp-content\/uploads\/2019\/12\/logo_f2ree-768x386.png 768w, https:\/\/firestorm-con.de\/wp-content\/uploads\/2019\/12\/logo_f2ree.png 1319w\" sizes=\"(max-width: 1024px) 100vw, 1024px\" \/><\/figure><div class=\"wp-block-media-text__content\">\n<p class=\"has-normal-font-size\">Das Firestorm ist eine Endzeit-Larp Veranstaltung. Im Unterschied zu vielen anderen Veranstaltungen in diesem Genre hat das Firestorm einen eigenen, geschlossenen Hintergrund. Die Welt, in der wir spielen, befand sich vor ihrem Untergang auf einem wesentlich h\u00f6heren technischen Niveau als heute. Dennoch ist  die Welt von Firestorm  nicht weniger dreckig oder kaputt als andere Endzeitsettings, basiert aber auf einer Welt, in der Laserwaffen und Panzerungen aus Verbundkunststoffen keine Seltenheit waren.<\/p>\n\n\n\n<p class=\"has-normal-font-size\">Das Firestorm ist eine Survival-Schlachten-Con. Zentrales Spielelement ist der Kampf um die letzten verbliebenen Rohstoffe und Versorgungsg\u00fcter. Zur Kampfdarstellungen werden Airsoftmarkierer bis 0,5J verwendet. Fast-back-into-Game Mechaniken und begrenzte Respawnm\u00f6glichkeiten unterst\u00fctzen das kampfbetonte Spiel. Der Mangel an \u00fcberlebenswichtigen Versorgungsg\u00fctern steht im Mittelpunkt. Essen, Munition etc. sind zum Spielstart nur sehr eingeschr\u00e4nkt vorhanden und m\u00fcssen im Spiel beschafft werden. Die Spieler verteilen sich auf wenige Fraktionen, somit entsteht eine Art Lagerstruktur. <\/p>\n\n\n\n<p class=\"has-normal-font-size\"><strong>Fakten<\/strong><\/p>\n\n\n\n<ul class=\"wp-block-list\"><li>24\/7 IT<\/li><li>Teilnahme ab 18 Jahren<\/li><li>Airsoft bis 0,5 Joule<\/li><li>Mangelspiel durch  Ressourcenregulierung<\/li><li>Fast-Back-Into-Game und Respawn Mechaniken<\/li><li>Location: Milit\u00e4rbasis Mahlwinkel<\/li><\/ul>\n<\/div><\/div>\n\n\n\n<p><\/p>\n","protected":false},"excerpt":{"rendered":"<p>Das Firestorm ist eine Endzeit-Larp Veranstaltung. Im Unterschied zu vielen anderen Veranstaltungen in diesem Genre hat das Firestorm einen eigenen, geschlossenen Hintergrund. Die Welt, in der wir spielen, befand sich<\/p>\n<p class=\"more-link\"><a href=\"https:\/\/firestorm-con.de\/\" class=\"readmore\">Continue reading<span class=\"screen-reader-text\">Was Euch auf dem Firestorm erwartet<\/span><\/a><\/p>\n","protected":false},"author":1,"featured_media":0,"parent":0,"menu_order":0,"comment_status":"closed","ping_status":"closed","template":"","meta":{"footnotes":""},"class_list":["post-85","page","type-page","status-publish","hentry"],"_links":{"self":[{"href":"https:\/\/firestorm-con.de\/index.php?rest_route=\/wp\/v2\/pages\/85","targetHints":{"allow":["GET"]}}],"collection":[{"href":"https:\/\/firestorm-con.de\/index.php?rest_route=\/wp\/v2\/pages"}],"about":[{"href":"https:\/\/firestorm-con.de\/index.php?rest_route=\/wp\/v2\/types\/page"}],"author":[{"embeddable":true,"href":"https:\/\/firestorm-con.de\/index.php?rest_route=\/wp\/v2\/users\/1"}],"replies":[{"embeddable":true,"href":"https:\/\/firestorm-con.de\/index.php?rest_route=%2Fwp%2Fv2%2Fcomments&post=85"}],"version-history":[{"count":18,"href":"https:\/\/firestorm-con.de\/index.php?rest_route=\/wp\/v2\/pages\/85\/revisions"}],"predecessor-version":[{"id":328,"href":"https:\/\/firestorm-con.de\/index.php?rest_route=\/wp\/v2\/pages\/85\/revisions\/328"}],"wp:attachment":[{"href":"https:\/\/firestorm-con.de\/index.php?rest_route=%2Fwp%2Fv2%2Fmedia&parent=85"}],"curies":[{"name":"wp","href":"https:\/\/api.w.org\/{rel}","templated":true}]}}