{"id":239,"date":"2019-12-23T16:15:18","date_gmt":"2019-12-23T16:15:18","guid":{"rendered":"http:\/\/firestorm-con.de\/?page_id=239"},"modified":"2020-05-26T08:29:53","modified_gmt":"2020-05-26T08:29:53","slug":"chain-gang_full","status":"publish","type":"page","link":"http:\/\/firestorm-con.de\/?page_id=239","title":{"rendered":"Chain Gang"},"content":{"rendered":"\n<h2 class=\"wp-block-heading\"> Chain Gang<\/h2>\n\n\n\n<p><\/p>\n\n\n\n<h4 class=\"wp-block-heading\">Herkunft und Geschichte<\/h4>\n\n\n\n<p>Die Vorfahren dieser Fraktion waren die Insassen eines Hochsicherheitsgef\u00e4ngnisses und \u00fcberlebten den Untergang der Welt nur dank der stabilen Bauweise des Gef\u00e4ngnisses. Die darauf folgenden K\u00e4mpfen um die Macht und das \u00dcberleben konnte der Chief und seine Gang f\u00fcr sich entscheiden. Sie beanspruchten das ehemalige Gef\u00e4ngnis samt medizinischer Abteilung f\u00fcr sich. Wobei der Chief so vorausschauend war, das Personal des ehemaligen Gef\u00e4ngnisses am Leben zu lassen, sodass die Chain Gang, wie sie sich nun nennen, auch Jahre nach der Z\u00fcndung noch \u00fcber eine wissenschaftlich und medizinisch gebildete Gruppe verf\u00fcgen.<\/p>\n\n\n\n<div class=\"wp-block-image\"><figure class=\"alignright size-large is-resized\"><img fetchpriority=\"high\" decoding=\"async\" src=\"http:\/\/firestorm-con.de\/wp-content\/uploads\/2019\/12\/ye-jinghan-T5roX1jajzU-unsplash-1024x675.jpg\" alt=\"\" class=\"wp-image-182\" width=\"460\" height=\"303\" srcset=\"http:\/\/firestorm-con.de\/wp-content\/uploads\/2019\/12\/ye-jinghan-T5roX1jajzU-unsplash-1024x675.jpg 1024w, http:\/\/firestorm-con.de\/wp-content\/uploads\/2019\/12\/ye-jinghan-T5roX1jajzU-unsplash-300x198.jpg 300w, http:\/\/firestorm-con.de\/wp-content\/uploads\/2019\/12\/ye-jinghan-T5roX1jajzU-unsplash-768x506.jpg 768w, http:\/\/firestorm-con.de\/wp-content\/uploads\/2019\/12\/ye-jinghan-T5roX1jajzU-unsplash-1536x1012.jpg 1536w, http:\/\/firestorm-con.de\/wp-content\/uploads\/2019\/12\/ye-jinghan-T5roX1jajzU-unsplash-2048x1350.jpg 2048w\" sizes=\"(max-width: 460px) 100vw, 460px\" \/><\/figure><\/div>\n\n\n\n<p>Die restlichen Insassen hatten nun die Wahl zwischen zwei M\u00f6glichkeiten: entweder sie schlossen sich der Gang des Chiefs an oder zogen in das Umland des Gef\u00e4ngnisses. So entstanden eine ganze Reihe von Trabantensiedlungen rund um das Gef\u00e4ngnis, welche in dem \u00e4u\u00dferst fruchtbaren und nur in sehr geringem Ma\u00dfe kontaminierten Land, florierten. Viele Farmer und Viehz\u00fcchter wurden dadurch angelockt und schnell wurde das Umland des Gef\u00e4ngnisses als Grasslands bekannt.\u00a0<\/p>\n\n\n\n<p>Die Chain Gang allerdings entwickelte eine andere \u00dcberlebensstrategie. Aufgrund ihrer \u00fcberlegenen Position fingen sie schon bald an von den Bewohner des Grasslands Anteile und Tribute zu erpressen.<\/p>\n\n\n\n<p>Das Gef\u00e4ngnis selbst, von allen nur\u00a0 \u201cDas Loch\u201d genannt, blieb immer der Mittelpunkt des Lebens in den Grasslands. Neben der medizinischen Ausstattung hatte der Chief auch alle noch funktionalen Maschinen hierher bringen lassen. So ist das Loch ebenso industrielles Zentrum wie auch das Zentrum der Unterhaltung mit Bars und Stripclubs der Grasslands.\u00a0<\/p>\n\n\n\n<h4 class=\"wp-block-heading\">Gesellschaftsstruktur und Lebensweise<\/h4>\n\n\n\n<p>Die meisten Bewohner der Grasslands leben entweder innerhalb der Trabantenst\u00e4dte oder auf den Farmen. Sie haben schon sehr fr\u00fch gelernt, dass es im Leben nichts geschenkt gibt. Und so tr\u00e4umen die meisten jungen Menschen in den Grasslands davon, ein Mitglied der Chain Gang zu werden. Als vollwertiges Mitglied wird man gef\u00fcrchtet und respektiert. Au\u00dferdem werden ihnen alle sp\u00e4rlichen Annehmlichkeiten, die das Loch zu bieten hat, gew\u00e4hrt. Unabdingbar allerdings ist die Loyalit\u00e4t dem Chief gegen\u00fcber, welche auch gern mal mit Brutalit\u00e4t durchgesetzt wird. Nur die st\u00e4rksten und z\u00e4hsten K\u00e4mpfer haben \u00fcberhaupt die Chance auf einen Platz in der Chain Gang. Das Auswahlverfahren ist sehr hart und potenzielle Anw\u00e4rter m\u00fcssen sich erst beweisen.<\/p>\n\n\n\n<div class=\"wp-block-image\"><figure class=\"alignleft size-large is-resized\"><img decoding=\"async\" src=\"http:\/\/firestorm-con.de\/wp-content\/uploads\/2020\/05\/chaingang3.png\" alt=\"\" class=\"wp-image-302\" width=\"423\" height=\"282\" srcset=\"http:\/\/firestorm-con.de\/wp-content\/uploads\/2020\/05\/chaingang3.png 960w, http:\/\/firestorm-con.de\/wp-content\/uploads\/2020\/05\/chaingang3-300x200.png 300w, http:\/\/firestorm-con.de\/wp-content\/uploads\/2020\/05\/chaingang3-768x512.png 768w\" sizes=\"(max-width: 423px) 100vw, 423px\" \/><\/figure><\/div>\n\n\n\n<p>Neben dem Terrorisieren der ans\u00e4ssigen Bev\u00f6lkerung, stellt die Gang auch die Schutztruppe der Grasslands dar. So setzen sie die mit unter strengen Gesetze durch (die sie selbstverst\u00e4ndlich selbst gemacht haben), verfolgen und bestrafen diejenigen, die sich in den Augen des Chiefs schuldig gemacht haben und jagen Mutanten, die ab und an versuchen, sich in den Grasslands niederzulassen.<\/p>\n\n\n\n<p>Mutanten sind den Bewohnern der Grasslands verhasst. Sie werden als Sklaven gehalten bzw. zur Belustigung der Massen \u00f6ffentlich gefoltert und gedem\u00fctigt. Sollte ein Mutant geboren werden, wird dieser direkt nach der Geburt durch die Mutter get\u00f6tet.<\/p>\n\n\n\n<p>Die Bewohner der Grasslands leben in lockeren Verb\u00e4nden zusammen. Geeint durch die harte Arbeit und der Vision von einer besseren Zukunft. Je nach Art dieses Verbandes reicht das Bet\u00e4tigungsfeld von ehrlicher Arbeit bis hin zur organisierten Kriminalit\u00e4t. Auch innerhalb der Trabantenst\u00e4dte haben sich kleinere Gangs gebildet, die allerdings sehr darauf achten m\u00fcssen, der Chain Gang nicht in die Quere zu kommen. Brutale Auseinandersetzungen sind ebenso allt\u00e4glich wie Korruption.<\/p>\n\n\n\n<p>Die Chain Gang selbst ist streng hierarchisch aufgebaut. An der Spitze steht der Chief. Die R\u00e4nge darunter sind mehr oder weniger stark umk\u00e4mpft. Es gilt das Recht des St\u00e4rkeren. So kann es durchaus passieren, dass Mitglieder der Bande mysteri\u00f6se Unf\u00e4lle erleiden. Macht und Einfluss kann man aber auch durch andere Weise erlangen. So kann es sein, dass die Gangmitglieder untereinander nicht nur k\u00e4mpfen, sondern auch gegeneinander intrigieren. Ein Todesurteil, welches durch Hinrichtung vollstreckt wird, kann jedoch nur durch den Chief selbst ausgesprochen werden.<\/p>\n\n\n\n<p>\u00dcber die Jahre hinweg hat sich die urspr\u00fcngliche Herkunft der Mitglieder der Chain Gang und der Bewohner des Grasslands etwas verw\u00e4ssert. Kopfgeldj\u00e4ger, Haudegen und Gangster aus allen Ecken des \u00d6dlands haben sich mittlerweile der Gang angeschlossen.<\/p>\n\n\n\n<h4 class=\"wp-block-heading\">Eigenschaften<\/h4>\n\n\n\n<p>Das Leben in den Grasslands hat die Bewohner gepr\u00e4gt. Sie haben gelernt, mit Entbehrungen zu leben und sie wissen, dass sie sich vor allem auf sich selbst verlassen m\u00fcssen. Das hat sie z\u00e4h, widerstandsf\u00e4hig und zu starken Einzelk\u00e4mpfern geformt. Wenn sie sich einer Gruppen anschlie\u00dfen, dann nur, wenn dies auch ihrem eigenen Vorteil dient. F\u00fcr ein h\u00f6heres und erstrebenswertes Ziel, sind sie auch bereit als Gruppe zusammen zu arbeiten. Innerhalb solch einer Gruppe wird es aber stets zu Reibereien kommen und besonders die F\u00fchrung muss st\u00e4ndig auf der Hut sein.\u00a0<\/p>\n\n\n\n<h4 class=\"wp-block-heading\">Glaube und Religion<\/h4>\n\n\n\n<p>Die Bewohner der Grasslands glauben in erster Linie an sich selbst, an das Recht des St\u00e4rkeren und an den n\u00e4chsten Schnaps. Die Frage, was nach dem Tod kommt, interessiert sie nicht wirklich. Der Tod ist das Ende und danach kommt nichts mehr. Spiritualit\u00e4t geh\u00f6rt nicht zur Lebensweise der Menschen. Wanderprediger, Pilger oder sonstige Geistliche, die auf ihren Reise immer mal wieder durch die Grasslands kommen, werden h\u00e4ufig als Spinner abgetan. Nichtsdestotrotz kann es nat\u00fcrlich auch vorkommen, dass solche umherziehenden Prediger\u00a0 ein paar wenige Anh\u00e4nger finden.\u00a0<\/p>\n\n\n\n<h4 class=\"wp-block-heading\">Aussehen und Ausr\u00fcstung<\/h4>\n\n\n\n<p>Die meisten Bewohner der Grasslands sind Farmer und Viehz\u00fcchter. Ihre Kleidung ist daher zweckm\u00e4\u00dfig und robust. Je nach Position und Reichtum sind aufwendige Verzierungen aus rostigem Metall an der Kleidung angebracht. H\u00e4ufige Kleidungsst\u00fccke sind lange M\u00e4ntel oder Ponchos, um sich vor der Witterung zu sch\u00fctzen und H\u00fcte mit breiter Krempe, um der Sonne zu trotzen. Grunds\u00e4tzlich erinnert der Look stark an den Wilden Westen. Gr\u00fcn und braun sind das vorherrschende Farbkonzept.\u00a0<\/p>\n\n\n\n<h4 class=\"wp-block-heading\">Ideen f\u00fcr Kleidung:<\/h4>\n\n\n\n<ul class=\"wp-block-list\"><li>lange Staubm\u00e4ntel<\/li><li>Ponchos und umgeschlungene Decken<\/li><li>Cowboyh\u00fcte<\/li><li>Lederhandschuhe<\/li><li>Staubschutzt\u00fccher f\u00fcr Mund und Nase<\/li><li>Schmuck aus rostigen Metall und Holz\u00a0<\/li><\/ul>\n\n\n\n<h4 class=\"wp-block-heading\">Als Spieler bei der Chain Gang<\/h4>\n\n\n\n<p>Als Spieler seid ihr Teil einer Expedition zu der ber\u00fcchtigten Forschungsstation im ewigen Sturm. Nun gibt es Ger\u00fcchte, dass der Sturm nachgelassen hat und es eine Passage in das Gebiet um die Forschungsstation geben soll. Dies ist auch dem Chief zu Ohren gekommen, vor allem das Ger\u00fccht, dass es innerhalb dieser Forschungsstation ein Medikament geben soll, durch welches man Unsterblichkeit erlangen kann. Aus diesem Grund schickte er euch, einen Teil seiner Gang zusammen mit ein paar Anw\u00e4rtern los, dieses Medikament zu holen. Demjenigen, der es dem Chief bringt, winken ewiger Ruhm und Reichtum.<\/p>\n\n\n\n<p><\/p>\n","protected":false},"excerpt":{"rendered":"<p>Chain Gang Herkunft und Geschichte Die Vorfahren dieser Fraktion waren die Insassen eines Hochsicherheitsgef\u00e4ngnisses und \u00fcberlebten den Untergang der Welt nur dank der stabilen Bauweise des Gef\u00e4ngnisses. Die darauf folgenden<\/p>\n<p class=\"more-link\"><a href=\"http:\/\/firestorm-con.de\/?page_id=239\" class=\"readmore\">Continue reading<span class=\"screen-reader-text\">Chain Gang<\/span><\/a><\/p>\n","protected":false},"author":1,"featured_media":0,"parent":0,"menu_order":0,"comment_status":"closed","ping_status":"closed","template":"elementor_header_footer","meta":{"footnotes":""},"class_list":["post-239","page","type-page","status-publish","hentry"],"_links":{"self":[{"href":"http:\/\/firestorm-con.de\/index.php?rest_route=\/wp\/v2\/pages\/239","targetHints":{"allow":["GET"]}}],"collection":[{"href":"http:\/\/firestorm-con.de\/index.php?rest_route=\/wp\/v2\/pages"}],"about":[{"href":"http:\/\/firestorm-con.de\/index.php?rest_route=\/wp\/v2\/types\/page"}],"author":[{"embeddable":true,"href":"http:\/\/firestorm-con.de\/index.php?rest_route=\/wp\/v2\/users\/1"}],"replies":[{"embeddable":true,"href":"http:\/\/firestorm-con.de\/index.php?rest_route=%2Fwp%2Fv2%2Fcomments&post=239"}],"version-history":[{"count":8,"href":"http:\/\/firestorm-con.de\/index.php?rest_route=\/wp\/v2\/pages\/239\/revisions"}],"predecessor-version":[{"id":305,"href":"http:\/\/firestorm-con.de\/index.php?rest_route=\/wp\/v2\/pages\/239\/revisions\/305"}],"wp:attachment":[{"href":"http:\/\/firestorm-con.de\/index.php?rest_route=%2Fwp%2Fv2%2Fmedia&parent=239"}],"curies":[{"name":"wp","href":"https:\/\/api.w.org\/{rel}","templated":true}]}}